{"id":9746,"date":"2017-04-25T14:27:31","date_gmt":"2017-04-25T12:27:31","guid":{"rendered":"http:\/\/web2.realschule-hoechstadt.de\/?page_id=9746"},"modified":"2017-04-25T14:27:31","modified_gmt":"2017-04-25T12:27:31","slug":"kraftwerke-im-vergleich","status":"publish","type":"page","link":"https:\/\/physik.realschule-hoechstadt.de\/?page_id=9746","title":{"rendered":"Kraftwerke im Vergleich"},"content":{"rendered":"<h3 class=\"the_headline\">W\u00e4rmekraftwerke<\/h3>\n<p><span class=\"show_emph\">Wirkungsgrad:<\/span><\/p>\n<ul>\n<li>ca. 40%<\/li>\n<\/ul>\n<p><span class=\"show_emph\">Brennstoff:<\/span><\/p>\n<ul>\n<li>Kohle (fossiler Energietr\u00e4ger)<\/li>\n<li>Heiz\u00f6l (fossiler Energietr\u00e4ger)<\/li>\n<li>Erdgas (fossiler Energietr\u00e4ger)<\/li>\n<li>Sonne (Solarkraftwerke; regenerativer Energietr\u00e4ger)<\/li>\n<li>Erdw\u00e4rme (Erdw\u00e4rmekraftwerke; regenerativer Energietr\u00e4ger)<\/li>\n<\/ul>\n<p><span class=\"show_emph\">Standort:<\/span><\/p>\n<ul>\n<li>g\u00fcnstige Verkehrsverbindungen (z.B. Schienennetz)<\/li>\n<li>K\u00fchlm\u00f6glichkeiten n\u00f6tig (z.B. Gew\u00e4sser)<\/li>\n<\/ul>\n<p><span class=\"show_emph\">Umwelt:<\/span><\/p>\n<ul>\n<li>Abw\u00e4rme (60% der eingesetzten Energie heizt die Umwelt auf)<\/li>\n<li>Verst\u00e4rkung des Treibhauseffekts durch Kohlenstoffdioxidaussto\u00df<\/li>\n<\/ul>\n<p>&nbsp;<\/p>\n<h3 class=\"the_headline\">Kernkraftwerke<\/h3>\n<p><span class=\"show_emph\">Wirkungsgrad:<\/span><\/p>\n<ul>\n<li>ca. 33%<\/li>\n<\/ul>\n<p><span class=\"show_emph\">Brennstoff:<\/span><\/p>\n<ul>\n<li>Uran (muss importiert werden)<\/li>\n<\/ul>\n<p><span class=\"show_emph\">Standort:<\/span><\/p>\n<ul>\n<li>nicht in Ballungsgebieten<\/li>\n<li>K\u00fchlm\u00f6glichkeiten n\u00f6tig (z.B. Wasser)<\/li>\n<\/ul>\n<p><span class=\"show_emph\">Umwelt:<\/span><\/p>\n<ul>\n<li>geringe Mengen radioaktiver Stoffe k\u00f6nnen in die Umgebung gelangen<\/li>\n<li>Probleme der Entsorgung noch ungel\u00f6st<\/li>\n<li>Abw\u00e4rme<\/li>\n<\/ul>\n<p>&nbsp;<\/p>\n<h3 class=\"the_headline\">Sonstige Heizkraftwerke<\/h3>\n<p><span class=\"show_emph\">Wirkungsgrad:<\/span><\/p>\n<ul>\n<li>35%<\/li>\n<\/ul>\n<p><span class=\"show_emph\">Brennstoff:<\/span><\/p>\n<ul>\n<li>M\u00fcll<\/li>\n<li>Biogas<\/li>\n<li>Deponiegas<\/li>\n<li>Holzabf\u00e4lle<\/li>\n<li>Stroh<\/li>\n<\/ul>\n<p><span class=\"show_emph\">Besonderheiten:<\/span><\/p>\n<ul>\n<li>Gas &#8211; Ottomotor statt Dampfturbine<\/li>\n<li>Kraft &#8211; W\u00e4rme &#8211; Kopplung m\u00f6glich (Folge: Zunahme des Wirkungsgrades)<\/li>\n<\/ul>\n<p><span class=\"show_emph\">Standort:<\/span><\/p>\n<ul>\n<li>in der N\u00e4he von M\u00fcllverbrennungsanlangen<\/li>\n<li>M\u00fclldeponien<\/li>\n<li>Kl\u00e4rwerken<\/li>\n<li>Holzwerken<\/li>\n<\/ul>\n<p><span class=\"show_emph\">Umwelt:<\/span><\/p>\n<ul>\n<li>Abw\u00e4rme<\/li>\n<li>Verst\u00e4rkung des Treibhauseffekts<\/li>\n<li>au\u00dfer beim M\u00fcll kein zus\u00e4tzlicher Kohlendioxidaussto\u00df<\/li>\n<\/ul>\n<p>&nbsp;<\/p>\n<h3 class=\"the_headline\">Wasserkraftwerke<\/h3>\n<p><span class=\"show_emph\">Wirkungsgrad:<\/span><\/p>\n<ul>\n<li>bis 95%<\/li>\n<\/ul>\n<p><span class=\"show_emph\">Brennstoff:<\/span><\/p>\n<ul>\n<li>kein Bedarf an Brennstoffen<\/li>\n<\/ul>\n<p><span class=\"show_emph\">Standort:<\/span><\/p>\n<ul>\n<li>Staustufen von Fl\u00fcssen<\/li>\n<li>Stauseen im Bergland<\/li>\n<\/ul>\n<p><span class=\"show_emph\">Umwelt:<\/span><\/p>\n<ul>\n<li>erheblicher Eingriff in die Natur und ins Landschaftsbild<\/li>\n<\/ul>\n<p>&nbsp;<\/p>\n<h3 class=\"the_headline\">Windgeneratoren<\/h3>\n<p><span class=\"show_emph\">Wirkungsgrad:<\/span><\/p>\n<ul>\n<li>20-40%<\/li>\n<\/ul>\n<p><span class=\"show_emph\">Brennstoff:<\/span><\/p>\n<ul>\n<li>kein Bedarf an Brennstoffen<\/li>\n<\/ul>\n<p><span class=\"show_emph\">Standort:<\/span><\/p>\n<ul>\n<li>K\u00fcstenl\u00e4ndern<\/li>\n<li>Bergen<\/li>\n<\/ul>\n<p><span class=\"show_emph\">Umwelt:<\/span><\/p>\n<ul>\n<li>L\u00e4rm durch Rotorbl\u00e4tter<\/li>\n<li>flimmernder Schattenwurf durch bewegte Rotorbl\u00e4tter<\/li>\n<li>Beeintr\u00e4chtigung des Landschaftsbilds<\/li>\n<\/ul>\n<p><span class=\"show_emph\">Vorteil:<\/span><\/p>\n<ul>\n<li>kann leicht vergr\u00f6\u00dfert werden<\/li>\n<li>Re &#8211; powering m\u00f6glich<\/li>\n<\/ul>\n<p>&nbsp;<\/p>\n<h3 class=\"the_headline\">Anlagen mit Solarzellen<\/h3>\n<p><span class=\"show_emph\">Wirkungsgrad:<\/span><\/p>\n<ul>\n<li>13-17%(steigend)<\/li>\n<\/ul>\n<p><span class=\"show_emph\">Brennstoff:<\/span><\/p>\n<ul>\n<li>kein Bedarf an Brennstoffen<\/li>\n<\/ul>\n<p><span class=\"show_emph\">Standort:<\/span><\/p>\n<ul>\n<li>Montage auf allen Hausd\u00e4chern mit S\u00fcdlage<\/li>\n<\/ul>\n<p><span class=\"show_emph\">Umwelt:<\/span><\/p>\n<ul>\n<li>geringe St\u00f6rung (nur bei Herstellung, Montage und Entsorgung)<\/li>\n<\/ul>\n","protected":false},"excerpt":{"rendered":"<p>W\u00e4rmekraftwerke Wirkungsgrad: ca. 40% Brennstoff: Kohle (fossiler Energietr\u00e4ger) Heiz\u00f6l (fossiler Energietr\u00e4ger) Erdgas (fossiler Energietr\u00e4ger) Sonne (Solarkraftwerke; regenerativer Energietr\u00e4ger) Erdw\u00e4rme (Erdw\u00e4rmekraftwerke; regenerativer Energietr\u00e4ger) Standort: g\u00fcnstige Verkehrsverbindungen (z.B. Schienennetz) K\u00fchlm\u00f6glichkeiten n\u00f6tig (z.B. Gew\u00e4sser) Umwelt: Abw\u00e4rme (60% der eingesetzten Energie heizt die Umwelt auf) Verst\u00e4rkung des Treibhauseffekts durch Kohlenstoffdioxidaussto\u00df &nbsp; Kernkraftwerke Wirkungsgrad: ca. 33% Brennstoff: Uran (muss importiert [&hellip;]<\/p>\n","protected":false},"author":1,"featured_media":0,"parent":7001,"menu_order":0,"comment_status":"closed","ping_status":"closed","template":"","meta":{"ngg_post_thumbnail":0,"footnotes":""},"class_list":["post-9746","page","type-page","status-publish","hentry","entry"],"_links":{"self":[{"href":"https:\/\/physik.realschule-hoechstadt.de\/index.php?rest_route=\/wp\/v2\/pages\/9746","targetHints":{"allow":["GET"]}}],"collection":[{"href":"https:\/\/physik.realschule-hoechstadt.de\/index.php?rest_route=\/wp\/v2\/pages"}],"about":[{"href":"https:\/\/physik.realschule-hoechstadt.de\/index.php?rest_route=\/wp\/v2\/types\/page"}],"author":[{"embeddable":true,"href":"https:\/\/physik.realschule-hoechstadt.de\/index.php?rest_route=\/wp\/v2\/users\/1"}],"replies":[{"embeddable":true,"href":"https:\/\/physik.realschule-hoechstadt.de\/index.php?rest_route=%2Fwp%2Fv2%2Fcomments&post=9746"}],"version-history":[{"count":0,"href":"https:\/\/physik.realschule-hoechstadt.de\/index.php?rest_route=\/wp\/v2\/pages\/9746\/revisions"}],"up":[{"embeddable":true,"href":"https:\/\/physik.realschule-hoechstadt.de\/index.php?rest_route=\/wp\/v2\/pages\/7001"}],"wp:attachment":[{"href":"https:\/\/physik.realschule-hoechstadt.de\/index.php?rest_route=%2Fwp%2Fv2%2Fmedia&parent=9746"}],"curies":[{"name":"wp","href":"https:\/\/api.w.org\/{rel}","templated":true}]}}