{"id":9877,"date":"2017-05-01T18:14:00","date_gmt":"2017-05-01T16:14:00","guid":{"rendered":"http:\/\/web2.realschule-hoechstadt.de\/?page_id=9877"},"modified":"2017-05-01T18:14:00","modified_gmt":"2017-05-01T16:14:00","slug":"besuch-im-technikland-2016","status":"publish","type":"page","link":"https:\/\/physik.realschule-hoechstadt.de\/?page_id=9877","title":{"rendered":"Besuch im Technikland 2016"},"content":{"rendered":"<p>Am 19. Oktober 2016 besuchte die <span class=\"show_emph\">Klasse 9a<\/span> zusammen mit Frau Deuerling und Herrn Theobald die Mitmachausstellung <span class=\"show_emph\">&#8222;Lernlabor Technikland &#8211; staunen @ lernen&#8220;<\/span> im Museum f\u00fcr Industriekultur in N\u00fcrnberg. Dort hatten Sch\u00fcler die M\u00f6glichkeit, nach einer kurzen Einf\u00fchrung durch Studierende der FAU (Technische Fakult\u00e4t) <span class=\"show_emph\">selbst Experimente durchzuf\u00fchren<\/span> aus den Bereichen Kraft und Konstruktion, Energie, Licht und Farbe, Computer und Robotik, &#8230;<\/p>\n<p>Neben Experimenten aus Optik und Mechanik, die wir schon aus der siebten Klasse kannten, z.B. einem <span class=\"show_emph\">Flaschenzug, mit dem man sich selbst hochziehen konnte<\/span>, gab es dort auch eine <span class=\"show_emph\">W\u00e4rmebildkamera<\/span>, mit der wir sogar Fotos erstellen und per Email (nat\u00fcrlich an uns selbst) versenden konnten. Au\u00dferdem gab es einen Hometrainer, auf dem wir unsere <span class=\"show_emph\">Muskelkraft<\/span> dazu einsetzen konnten, Autos auf einer <span class=\"show_emph\">Carrera-Bahn<\/span> fahren zu lassen.<\/p>\n<p>Auch \u00fcber <span class=\"show_emph\">polarisiertes Licht<\/span> haben wir einiges herausgefunden. Klebt man n\u00e4mlich zwei <span class=\"show_emph\">Tesafilmstreifen<\/span> gekreuzt \u00fcbereinander, dann erscheinen helle und dunkle Stellen, wenn man sie durch ein Polarisationsfilter betrachtet. (Dieses Filter befindet sich \u00fcbrigens auch in den mittlerweile verwendeten, dunklen 3D-Brillen.)<\/p>\n<p>Viele Experimente befassten sich auch mit <span class=\"show_emph\">Themen der neunten und zehnten Klasse<\/span>, so dass wir hier schon einiges lernen konnten, etwa Aufbau und Funktionsweise von <span class=\"show_emph\">Elektromotoren oder Wirbelstrombremsen<\/span>.<\/p>\n<p>Und es gab noch vieles, vieles mehr, so dass die eineinhalb Stunden, die wir zur Verf\u00fcgung hatten, fast schon zu kurz waren. Am Ende gab es dann noch eine <span class=\"show_emph\">Vorf\u00fchrung von zwei Crashtests<\/span> &ndash; mit und ohne Sicherheitsgurt &#8230;<\/p>\n<p>&nbsp;<\/p>\n\n<p>&nbsp;<\/p>\n\n","protected":false},"excerpt":{"rendered":"<p>Am 19. Oktober 2016 besuchte die Klasse 9a zusammen mit Frau Deuerling und Herrn Theobald die Mitmachausstellung &#8222;Lernlabor Technikland &#8211; staunen @ lernen&#8220; im Museum f\u00fcr Industriekultur in N\u00fcrnberg. Dort hatten Sch\u00fcler die M\u00f6glichkeit, nach einer kurzen Einf\u00fchrung durch Studierende der FAU (Technische Fakult\u00e4t) selbst Experimente durchzuf\u00fchren aus den Bereichen Kraft und Konstruktion, Energie, Licht [&hellip;]<\/p>\n","protected":false},"author":1,"featured_media":0,"parent":7001,"menu_order":0,"comment_status":"closed","ping_status":"closed","template":"","meta":{"ngg_post_thumbnail":0,"footnotes":""},"class_list":["post-9877","page","type-page","status-publish","hentry","entry"],"_links":{"self":[{"href":"https:\/\/physik.realschule-hoechstadt.de\/index.php?rest_route=\/wp\/v2\/pages\/9877","targetHints":{"allow":["GET"]}}],"collection":[{"href":"https:\/\/physik.realschule-hoechstadt.de\/index.php?rest_route=\/wp\/v2\/pages"}],"about":[{"href":"https:\/\/physik.realschule-hoechstadt.de\/index.php?rest_route=\/wp\/v2\/types\/page"}],"author":[{"embeddable":true,"href":"https:\/\/physik.realschule-hoechstadt.de\/index.php?rest_route=\/wp\/v2\/users\/1"}],"replies":[{"embeddable":true,"href":"https:\/\/physik.realschule-hoechstadt.de\/index.php?rest_route=%2Fwp%2Fv2%2Fcomments&post=9877"}],"version-history":[{"count":0,"href":"https:\/\/physik.realschule-hoechstadt.de\/index.php?rest_route=\/wp\/v2\/pages\/9877\/revisions"}],"up":[{"embeddable":true,"href":"https:\/\/physik.realschule-hoechstadt.de\/index.php?rest_route=\/wp\/v2\/pages\/7001"}],"wp:attachment":[{"href":"https:\/\/physik.realschule-hoechstadt.de\/index.php?rest_route=%2Fwp%2Fv2%2Fmedia&parent=9877"}],"curies":[{"name":"wp","href":"https:\/\/api.w.org\/{rel}","templated":true}]}}